{"id":1899,"date":"2021-10-06T11:20:26","date_gmt":"2021-10-06T11:20:26","guid":{"rendered":"http:\/\/localhost\/machic\/?page_id=1899"},"modified":"2025-07-30T01:55:02","modified_gmt":"2025-07-29T22:55:02","slug":"about-us","status":"publish","type":"page","link":"https:\/\/idevices.co.uk\/ro\/about-us\/","title":{"rendered":"Despre Noi"},"content":{"rendered":"<div data-elementor-type=\"wp-page\" data-elementor-id=\"1899\" class=\"elementor elementor-1899\">\n\t\t\t\t\t\t<section class=\"elementor-section elementor-top-section elementor-element elementor-element-a5f5515 elementor-section-boxed elementor-section-height-default elementor-section-height-default\" data-id=\"a5f5515\" data-element_type=\"section\">\n\t\t\t\t\t\t<div class=\"elementor-container elementor-column-gap-extended\">\n\t\t\t\t\t<div class=\"elementor-column elementor-col-50 elementor-top-column elementor-element elementor-element-6cd6b07\" data-id=\"6cd6b07\" data-element_type=\"column\">\n\t\t\t<div class=\"elementor-widget-wrap elementor-element-populated\">\n\t\t\t\t\t\t<div class=\"elementor-element elementor-element-ef53a64 e-transform elementor-widget elementor-widget-machic-custom-title\" data-id=\"ef53a64\" data-element_type=\"widget\" data-settings=\"{&quot;_transform_scale_effect&quot;:{&quot;unit&quot;:&quot;px&quot;,&quot;size&quot;:&quot;&quot;,&quot;sizes&quot;:[]},&quot;_transform_scale_effect_tablet&quot;:{&quot;unit&quot;:&quot;px&quot;,&quot;size&quot;:&quot;&quot;,&quot;sizes&quot;:[]},&quot;_transform_scale_effect_mobile&quot;:{&quot;unit&quot;:&quot;px&quot;,&quot;size&quot;:&quot;&quot;,&quot;sizes&quot;:[]}}\" data-widget_type=\"machic-custom-title.default\">\n\t\t\t\t<div class=\"elementor-widget-container\">\n\t\t\t\t\t<div class=\"site-module module-title small\"><h4 class=\"entry-subtitle\">Despre noi \u2013 iDevices.co.uk<\/h4><h1 class=\"entry-title\">La iDevices.co.uk, suntem pasiona\u021bi de tehnologie \u0219i ne dorim s\u0103 o facem mai simpl\u0103, accesibil\u0103 \u0219i bine protejat\u0103 pentru to\u021bi.\n\nOferim:<\/h1><div class=\"entry-content\"><p>1. Accesorii de calitate pentru telefoane, laptopuri \u0219i PC-uri\n2. Licen\u021be originale pentru Windows \u0219i alte software-uri esen\u021biale\n3. Abonamente accesibile de asigurare pentru sticle de protec\u021bie \u0219i huse\n4. Suport tehnic de \u00eencredere pentru mentenan\u021b\u0103 IT \u0219i configurare TV smart<\/p><\/div><!-- entry-content --><\/div><!-- site-module -->\t\t\t\t<\/div>\n\t\t\t\t<\/div>\n\t\t\t\t\t<\/div>\n\t\t<\/div>\n\t\t\t\t<div class=\"elementor-column elementor-col-50 elementor-top-column elementor-element elementor-element-e7694d9 elementor-hidden-tablet elementor-hidden-mobile\" data-id=\"e7694d9\" data-element_type=\"column\">\n\t\t\t<div class=\"elementor-widget-wrap\">\n\t\t\t\t\t\t\t<\/div>\n\t\t<\/div>\n\t\t\t\t\t<\/div>\n\t\t<\/section>\n\t\t\t\t<section class=\"elementor-section elementor-top-section elementor-element elementor-element-d9d0d9d elementor-section-boxed elementor-section-height-default elementor-section-height-default\" data-id=\"d9d0d9d\" data-element_type=\"section\">\n\t\t\t\t\t\t<div class=\"elementor-container elementor-column-gap-extended\">\n\t\t\t\t\t<div class=\"elementor-column elementor-col-33 elementor-top-column elementor-element elementor-element-951e09a\" data-id=\"951e09a\" data-element_type=\"column\">\n\t\t\t<div class=\"elementor-widget-wrap elementor-element-populated\">\n\t\t\t\t\t\t<div class=\"elementor-element elementor-element-191b6aa elementor-widget elementor-widget-machic-text-block\" data-id=\"191b6aa\" data-element_type=\"widget\" data-widget_type=\"machic-text-block.default\">\n\t\t\t\t<div class=\"elementor-widget-container\">\n\t\t\t\t\t<div class=\"site-module text-check\"><h3 class=\"entry-title\">Ne dorim ca fiecare client s\u0103 se simt\u0103 \u00een siguran\u021b\u0103 cu produsele \u0219i serviciile noastre, indiferent dac\u0103 cump\u0103r\u0103 o simpl\u0103 hus\u0103 sau un pachet complet de mentenan\u021b\u0103.<\/h3><div class=\"entry-description\"><p>iDevices.co.uk a fost creat din dorin\u021ba de a oferi o alternativ\u0103 serioas\u0103 \u0219i sigur\u0103 pentru cei care caut\u0103 calitate, suport real \u0219i transparen\u021b\u0103 \u00een tehnologie.<\/p><\/div><!-- entry-description --><\/div><!-- site-module -->\t\t\t\t<\/div>\n\t\t\t\t<\/div>\n\t\t\t\t\t<\/div>\n\t\t<\/div>\n\t\t\t\t<div class=\"elementor-column elementor-col-33 elementor-top-column elementor-element elementor-element-9f8a138\" data-id=\"9f8a138\" data-element_type=\"column\">\n\t\t\t<div class=\"elementor-widget-wrap elementor-element-populated\">\n\t\t\t\t\t\t<div class=\"elementor-element elementor-element-63848d2 elementor-widget elementor-widget-machic-text-block\" data-id=\"63848d2\" data-element_type=\"widget\" data-widget_type=\"machic-text-block.default\">\n\t\t\t\t<div class=\"elementor-widget-container\">\n\t\t\t\t\t<div class=\"site-module text-check\"><h3 class=\"entry-title\">De ce s\u0103 alegi iDevices?<\/h3><div class=\"entry-description\"><p>Magazin online cu suport rapid prin email, bazat \u00een UK\nPl\u0103\u021bi sigure prin Stripe \u0219i PayPal\nPolitici de retur clare \u0219i op\u021biuni de asigurare suplimentar\u0103\nPachete de mentenan\u021b\u0103 lunar\u0103 pentru dispozitive de acas\u0103 sau birou<\/p><\/div><!-- entry-description --><\/div><!-- site-module -->\t\t\t\t<\/div>\n\t\t\t\t<\/div>\n\t\t\t\t\t<\/div>\n\t\t<\/div>\n\t\t\t\t<div class=\"elementor-column elementor-col-33 elementor-top-column elementor-element elementor-element-00fc50e\" data-id=\"00fc50e\" data-element_type=\"column\">\n\t\t\t<div class=\"elementor-widget-wrap elementor-element-populated\">\n\t\t\t\t\t\t<div class=\"elementor-element elementor-element-3658c8b elementor-widget elementor-widget-machic-text-block\" data-id=\"3658c8b\" data-element_type=\"widget\" data-widget_type=\"machic-text-block.default\">\n\t\t\t\t<div class=\"elementor-widget-container\">\n\t\t\t\t\t<div class=\"site-module text-check\"><h3 class=\"entry-title\">Ne respect\u0103m clien\u021bii \u0219i confiden\u021bialitatea lor. Nu lucr\u0103m cu produse contraf\u0103cute \u0219i oferim \u00eentotdeauna informa\u021bii clare despre livrare, activare \u0219i garan\u021bie.<\/h3><div class=\"entry-description\"><p>Ne extindem constant gama de produse \u0219i servicii, iar scopul nostru este s\u0103 devenim un partener de \u00eencredere pentru to\u021bi cei care vor mai mult de la tehnologie.<\/p><\/div><!-- entry-description --><\/div><!-- site-module -->\t\t\t\t<\/div>\n\t\t\t\t<\/div>\n\t\t\t\t\t<\/div>\n\t\t<\/div>\n\t\t\t\t\t<\/div>\n\t\t<\/section>\n\t\t\t\t<section class=\"elementor-section elementor-top-section elementor-element elementor-element-1298d0a elementor-section-boxed elementor-section-height-default elementor-section-height-default\" data-id=\"1298d0a\" data-element_type=\"section\">\n\t\t\t\t\t\t<div class=\"elementor-container elementor-column-gap-extended\">\n\t\t\t\t\t<div class=\"elementor-column elementor-col-100 elementor-top-column elementor-element elementor-element-1d97292\" data-id=\"1d97292\" data-element_type=\"column\">\n\t\t\t<div class=\"elementor-widget-wrap elementor-element-populated\">\n\t\t\t\t\t\t<div class=\"elementor-element elementor-element-19c5942 elementor-widget elementor-widget-image\" data-id=\"19c5942\" data-element_type=\"widget\" data-widget_type=\"image.default\">\n\t\t\t\t\t\t\t\t\t\t\t\t\t\t\t<img fetchpriority=\"high\" decoding=\"async\" width=\"1280\" height=\"760\" src=\"https:\/\/idevices.co.uk\/wp-content\/uploads\/2021\/10\/about-1.jpg\" class=\"attachment-full size-full wp-image-1942\" alt=\"\" srcset=\"https:\/\/idevices.co.uk\/wp-content\/uploads\/2021\/10\/about-1.jpg 1280w, https:\/\/idevices.co.uk\/wp-content\/uploads\/2021\/10\/about-1-90x54.jpg 90w, https:\/\/idevices.co.uk\/wp-content\/uploads\/2021\/10\/about-1-600x356.jpg 600w, https:\/\/idevices.co.uk\/wp-content\/uploads\/2021\/10\/about-1-300x178.jpg 300w, https:\/\/idevices.co.uk\/wp-content\/uploads\/2021\/10\/about-1-1024x608.jpg 1024w, https:\/\/idevices.co.uk\/wp-content\/uploads\/2021\/10\/about-1-768x456.jpg 768w\" sizes=\"(max-width: 1280px) 100vw, 1280px\" \/>\t\t\t\t\t\t\t\t\t\t\t\t\t\t\t<\/div>\n\t\t\t\t\t<\/div>\n\t\t<\/div>\n\t\t\t\t\t<\/div>\n\t\t<\/section>\n\t\t\t\t<section class=\"elementor-section elementor-top-section elementor-element elementor-element-9baf384 elementor-hidden-desktop elementor-hidden-tablet elementor-hidden-mobile elementor-section-boxed elementor-section-height-default elementor-section-height-default\" data-id=\"9baf384\" data-element_type=\"section\">\n\t\t\t\t\t\t<div class=\"elementor-container elementor-column-gap-extended\">\n\t\t\t\t\t<div class=\"elementor-column elementor-col-33 elementor-top-column elementor-element elementor-element-7988065 elementor-hidden-tablet elementor-hidden-mobile\" data-id=\"7988065\" data-element_type=\"column\">\n\t\t\t<div class=\"elementor-widget-wrap\">\n\t\t\t\t\t\t\t<\/div>\n\t\t<\/div>\n\t\t\t\t<div class=\"elementor-column elementor-col-66 elementor-top-column elementor-element elementor-element-5e986b7\" data-id=\"5e986b7\" data-element_type=\"column\">\n\t\t\t<div class=\"elementor-widget-wrap elementor-element-populated\">\n\t\t\t\t\t\t<div class=\"elementor-element elementor-element-c82a70a elementor-widget elementor-widget-text-editor\" data-id=\"c82a70a\" data-element_type=\"widget\" data-widget_type=\"text-editor.default\">\n\t\t\t\t\t\t\t\t\t<p>Nam maximus nunc a augue pulvinar, non euismod mauris tempus. Cras non elit vel magna molestie pellentesque in eu dui. Donec laoreet quis erat vitae finibus. Vestibulum enim eros, porta eget quam et, euismod dictum elit. Nullam eu tempus magna. Fusce malesuada nisi id felis placerat porta vel sed augue. Vivamus mollis mauris vitae rhoncus egestas. Pellentesque habitant morbi tristique senectus et netus et malesuada fames ac turpis egestas. Phasellus luctus tempor ante in dapibus. Curabitur sed lectus tempus, pulvinar magna vel, laoreet sapien.<\/p><p>Pellentesque sodales ornare nulla. Nullam elementum est quis tortor ultricies tristique. Nulla tempor eros quis arcu imperdiet, rutrum pharetra mi lobortis. Donec tortor ipsum, maximus quis pellentesque vel, bibendum eu mauris.<\/p><p>Nulla bibendum tincidunt ligula, a placerat dolor viverra eget. Maecenas id diam sed ligula facilisis lacinia. Nunc maximus est ut sem varius suscipit. Phasellus vel tellus viverra, lacinia metus et, faucibus tellus. Etiam hendrerit est viverra eros mollis, a laoreet ante dictum. Aliquam erat volutpat. Vivamus tempor blandit dui vel interdum. Etiam ut libero eget ex sodales lobortis vitae at est. Nulla facilisis velit nec pellentesque commodo. Phasellus suscipit sodales magna in vehicula.<\/p><p>Ut ac semper ligula. Pellentesque laoreet justo nec ex sodales euismod. Aliquam orci tortor, bibendum nec ultricies ac, auctor nec purus. Maecenas in consectetur erat. Proin ut nisi ut ipsum blandit vehicula. Nulla orci eros, ornare vitae tristique et, iaculis nec mauris. Aliquam ornare, turpis sed lobortis ultricies, lectus felis lacinia lacus, et convallis ipsum erat sed tortor. Proin molestie sagittis augue, id sollicitudin libero congue vel. Suspendisse id elementum nunc. Donec in neque vitae nisl consequat accumsan.<\/p>\t\t\t\t\t\t\t\t<\/div>\n\t\t\t\t\t<\/div>\n\t\t<\/div>\n\t\t\t\t\t<\/div>\n\t\t<\/section>\n\t\t\t\t<section class=\"elementor-section elementor-top-section elementor-element elementor-element-127022d elementor-hidden-desktop elementor-hidden-tablet elementor-hidden-mobile elementor-section-boxed elementor-section-height-default elementor-section-height-default\" data-id=\"127022d\" data-element_type=\"section\">\n\t\t\t\t\t\t<div class=\"elementor-container elementor-column-gap-extended\">\n\t\t\t\t\t<div class=\"elementor-column elementor-col-66 elementor-top-column elementor-element elementor-element-bbc0e64\" data-id=\"bbc0e64\" data-element_type=\"column\">\n\t\t\t<div class=\"elementor-widget-wrap elementor-element-populated\">\n\t\t\t\t\t\t<div class=\"elementor-element elementor-element-890d4e0 elementor-widget elementor-widget-machic-custom-title\" data-id=\"890d4e0\" data-element_type=\"widget\" data-widget_type=\"machic-custom-title.default\">\n\t\t\t\t<div class=\"elementor-widget-container\">\n\t\t\t\t\t<div class=\"site-module module-title small\"><h4 class=\"entry-subtitle\">Our Vision, About Machic<\/h4><h1 class=\"entry-title\">Nulla at facilisis leo. Aenean vel molestie risus. Morbi in vehicula metus, ut malesuada mauris.<\/h1><\/div><!-- site-module -->\t\t\t\t<\/div>\n\t\t\t\t<\/div>\n\t\t\t\t\t<\/div>\n\t\t<\/div>\n\t\t\t\t<div class=\"elementor-column elementor-col-33 elementor-top-column elementor-element elementor-element-eecdb08 elementor-hidden-tablet elementor-hidden-mobile\" data-id=\"eecdb08\" data-element_type=\"column\">\n\t\t\t<div class=\"elementor-widget-wrap\">\n\t\t\t\t\t\t\t<\/div>\n\t\t<\/div>\n\t\t\t\t\t<\/div>\n\t\t<\/section>\n\t\t\t\t<section class=\"elementor-section elementor-top-section elementor-element elementor-element-d98b4da elementor-hidden-desktop elementor-hidden-tablet elementor-hidden-mobile elementor-section-boxed elementor-section-height-default elementor-section-height-default\" data-id=\"d98b4da\" data-element_type=\"section\">\n\t\t\t\t\t\t<div class=\"elementor-container elementor-column-gap-extended\">\n\t\t\t\t\t<div class=\"elementor-column elementor-col-33 elementor-top-column elementor-element elementor-element-aa4a269\" data-id=\"aa4a269\" data-element_type=\"column\">\n\t\t\t<div class=\"elementor-widget-wrap elementor-element-populated\">\n\t\t\t\t\t\t<div class=\"elementor-element elementor-element-da62a90 elementor-hidden-desktop elementor-hidden-tablet elementor-hidden-mobile elementor-widget elementor-widget-image\" data-id=\"da62a90\" data-element_type=\"widget\" data-widget_type=\"image.default\">\n\t\t\t\t\t\t\t\t\t\t\t\t\t\t\t<img decoding=\"async\" width=\"800\" height=\"1078\" src=\"https:\/\/idevices.co.uk\/wp-content\/uploads\/2021\/10\/about-2.jpg\" class=\"attachment-full size-full wp-image-1965\" alt=\"\" srcset=\"https:\/\/idevices.co.uk\/wp-content\/uploads\/2021\/10\/about-2.jpg 800w, https:\/\/idevices.co.uk\/wp-content\/uploads\/2021\/10\/about-2-40x54.jpg 40w, https:\/\/idevices.co.uk\/wp-content\/uploads\/2021\/10\/about-2-600x809.jpg 600w, https:\/\/idevices.co.uk\/wp-content\/uploads\/2021\/10\/about-2-223x300.jpg 223w, https:\/\/idevices.co.uk\/wp-content\/uploads\/2021\/10\/about-2-760x1024.jpg 760w, https:\/\/idevices.co.uk\/wp-content\/uploads\/2021\/10\/about-2-768x1035.jpg 768w\" sizes=\"(max-width: 800px) 100vw, 800px\" \/>\t\t\t\t\t\t\t\t\t\t\t\t\t\t\t<\/div>\n\t\t\t\t\t<\/div>\n\t\t<\/div>\n\t\t\t\t<div class=\"elementor-column elementor-col-33 elementor-top-column elementor-element elementor-element-248f981\" data-id=\"248f981\" data-element_type=\"column\">\n\t\t\t<div class=\"elementor-widget-wrap\">\n\t\t\t\t\t\t\t<\/div>\n\t\t<\/div>\n\t\t\t\t<div class=\"elementor-column elementor-col-33 elementor-top-column elementor-element elementor-element-6894683\" data-id=\"6894683\" data-element_type=\"column\">\n\t\t\t<div class=\"elementor-widget-wrap elementor-element-populated\">\n\t\t\t\t\t\t<div class=\"elementor-element elementor-element-a6b48cc elementor-hidden-desktop elementor-hidden-tablet elementor-hidden-mobile elementor-widget elementor-widget-text-editor\" data-id=\"a6b48cc\" data-element_type=\"widget\" data-widget_type=\"text-editor.default\">\n\t\t\t\t\t\t\t\t\t<p>Nam maximus nunc a augue pulvinar, non euismod mauris tempus. Cras non elit vel magna molestie pellentesque in eu dui. Donec laoreet quis erat vitae finibus. Vestibulum enim eros, porta eget quam et, euismod dictum elit. Nullam eu tempus magna. Fusce malesuada nisi id felis placerat porta vel sed augue. Vivamus mollis mauris vitae rhoncus egestas. Pellentesque habitant morbi tristique senectus et netus et malesuada fames ac turpis egestas. Phasellus luctus tempor ante in dapibus. Curabitur sed lectus tempus, pulvinar magna vel, laoreet sapien.<\/p><p>Pellentesque sodales ornare nulla. Nullam elementum est quis tortor ultricies tristique. Nulla tempor eros quis arcu imperdiet, rutrum pharetra mi lobortis. Donec tortor ipsum, maximus quis pellentesque vel, bibendum eu mauris.<\/p><p>Nulla bibendum tincidunt ligula, a placerat dolor viverra eget. Maecenas id diam sed ligula facilisis lacinia. Nunc maximus est ut sem varius suscipit. Phasellus vel tellus viverra, lacinia metus et, faucibus tellus. Etiam hendrerit est viverra eros mollis, a laoreet ante dictum. Aliquam erat volutpat. Vivamus tempor blandit dui vel interdum. Etiam ut libero eget ex sodales lobortis vitae at est. Nulla facilisis velit nec pellentesque commodo. Phasellus suscipit sodales magna in vehicula.<\/p><p>Ut ac semper ligula. Pellentesque laoreet justo nec ex sodales euismod. Aliquam orci tortor, bibendum nec ultricies ac, auctor nec purus. Maecenas in consectetur erat. Proin ut nisi ut ipsum blandit vehicula. Nulla orci eros, ornare vitae tristique et, iaculis nec mauris. Aliquam ornare, turpis sed lobortis ultricies, lectus felis lacinia lacus, et convallis ipsum erat sed tortor. Proin molestie sagittis augue, id sollicitudin libero congue vel. Suspendisse id elementum nunc. Donec in neque vitae nisl consequat accumsan.<\/p>\t\t\t\t\t\t\t\t<\/div>\n\t\t\t\t\t<\/div>\n\t\t<\/div>\n\t\t\t\t\t<\/div>\n\t\t<\/section>\n\t\t\t\t<section class=\"elementor-section elementor-top-section elementor-element elementor-element-ddd3bd4 elementor-hidden-desktop elementor-hidden-tablet elementor-hidden-mobile elementor-section-boxed elementor-section-height-default elementor-section-height-default\" data-id=\"ddd3bd4\" data-element_type=\"section\">\n\t\t\t\t\t\t<div class=\"elementor-container elementor-column-gap-extended\">\n\t\t\t\t\t<div class=\"elementor-column elementor-col-33 elementor-top-column elementor-element elementor-element-c1f76ac elementor-hidden-tablet elementor-hidden-mobile\" data-id=\"c1f76ac\" data-element_type=\"column\">\n\t\t\t<div class=\"elementor-widget-wrap\">\n\t\t\t\t\t\t\t<\/div>\n\t\t<\/div>\n\t\t\t\t<div class=\"elementor-column elementor-col-66 elementor-top-column elementor-element elementor-element-a30ddd7\" data-id=\"a30ddd7\" data-element_type=\"column\">\n\t\t\t<div class=\"elementor-widget-wrap elementor-element-populated\">\n\t\t\t\t\t\t<div class=\"elementor-element elementor-element-77dfd82 elementor-widget elementor-widget-text-editor\" data-id=\"77dfd82\" data-element_type=\"widget\" data-widget_type=\"text-editor.default\">\n\t\t\t\t\t\t\t\t\t<p>Nam maximus nunc a augue pulvinar, non euismod mauris tempus. Cras non elit vel magna molestie pellentesque in eu dui. Donec laoreet quis erat vitae finibus. Vestibulum enim eros, porta eget quam et, euismod dictum elit. Nullam eu tempus magna. Fusce malesuada nisi id felis placerat porta vel sed augue. Vivamus mollis mauris vitae rhoncus egestas. Pellentesque habitant morbi tristique senectus et netus et malesuada fames ac turpis egestas. Phasellus luctus tempor ante in dapibus. Curabitur sed lectus tempus, pulvinar magna vel, laoreet sapien.<\/p><p>Pellentesque sodales ornare nulla. Nullam elementum est quis tortor ultricies tristique. Nulla tempor eros quis arcu imperdiet, rutrum pharetra mi lobortis. Donec tortor ipsum, maximus quis pellentesque vel, bibendum eu mauris.<\/p><p>Nulla bibendum tincidunt ligula, a placerat dolor viverra eget. Maecenas id diam sed ligula facilisis lacinia. Nunc maximus est ut sem varius suscipit. Phasellus vel tellus viverra, lacinia metus et, faucibus tellus. Etiam hendrerit est viverra eros mollis, a laoreet ante dictum. Aliquam erat volutpat. Vivamus tempor blandit dui vel interdum. Etiam ut libero eget ex sodales lobortis vitae at est. Nulla facilisis velit nec pellentesque commodo. Phasellus suscipit sodales magna in vehicula.<\/p><p>Ut ac semper ligula. Pellentesque laoreet justo nec ex sodales euismod. Aliquam orci tortor, bibendum nec ultricies ac, auctor nec purus. Maecenas in consectetur erat. Proin ut nisi ut ipsum blandit vehicula. Nulla orci eros, ornare vitae tristique et, iaculis nec mauris. Aliquam ornare, turpis sed lobortis ultricies, lectus felis lacinia lacus, et convallis ipsum erat sed tortor. Proin molestie sagittis augue, id sollicitudin libero congue vel. Suspendisse id elementum nunc. Donec in neque vitae nisl consequat accumsan.<\/p>\t\t\t\t\t\t\t\t<\/div>\n\t\t\t\t\t<\/div>\n\t\t<\/div>\n\t\t\t\t\t<\/div>\n\t\t<\/section>\n\t\t\t\t<section class=\"elementor-section elementor-top-section elementor-element elementor-element-cd4e40d elementor-section-boxed elementor-section-height-default elementor-section-height-default\" data-id=\"cd4e40d\" data-element_type=\"section\">\n\t\t\t\t\t\t<div class=\"elementor-container elementor-column-gap-extended\">\n\t\t\t\t\t<div class=\"elementor-column elementor-col-33 elementor-top-column elementor-element elementor-element-147fca1\" data-id=\"147fca1\" data-element_type=\"column\">\n\t\t\t<div class=\"elementor-widget-wrap elementor-element-populated\">\n\t\t\t\t\t\t<div class=\"elementor-element elementor-element-bce646c elementor-hidden-desktop elementor-hidden-tablet elementor-hidden-mobile elementor-widget elementor-widget-machic-text-block\" data-id=\"bce646c\" data-element_type=\"widget\" data-widget_type=\"machic-text-block.default\">\n\t\t\t\t<div class=\"elementor-widget-container\">\n\t\t\t\t\t<div class=\"site-module text-check\"><h3 class=\"entry-title\">Class aptent taciti sociosqu<\/h3><div class=\"entry-description\"><p>Quisque luctus leo sit amet ante finibus lobortis.  Class aptent taciti sociosqu.<\/p><\/div><!-- entry-description --><\/div><!-- site-module -->\t\t\t\t<\/div>\n\t\t\t\t<\/div>\n\t\t\t\t\t<\/div>\n\t\t<\/div>\n\t\t\t\t<div class=\"elementor-column elementor-col-33 elementor-top-column elementor-element elementor-element-bfd65c2\" data-id=\"bfd65c2\" data-element_type=\"column\">\n\t\t\t<div class=\"elementor-widget-wrap elementor-element-populated\">\n\t\t\t\t\t\t<div class=\"elementor-element elementor-element-3492206 elementor-hidden-desktop elementor-hidden-tablet elementor-hidden-mobile elementor-widget elementor-widget-machic-text-block\" data-id=\"3492206\" data-element_type=\"widget\" data-widget_type=\"machic-text-block.default\">\n\t\t\t\t<div class=\"elementor-widget-container\">\n\t\t\t\t\t<div class=\"site-module text-check\"><h3 class=\"entry-title\">Class aptent taciti sociosqu<\/h3><div class=\"entry-description\"><p>Quisque luctus leo sit amet ante finibus lobortis.  Class aptent taciti sociosqu.<\/p><\/div><!-- entry-description --><\/div><!-- site-module -->\t\t\t\t<\/div>\n\t\t\t\t<\/div>\n\t\t\t\t\t<\/div>\n\t\t<\/div>\n\t\t\t\t<div class=\"elementor-column elementor-col-33 elementor-top-column elementor-element elementor-element-75c779f\" data-id=\"75c779f\" data-element_type=\"column\">\n\t\t\t<div class=\"elementor-widget-wrap elementor-element-populated\">\n\t\t\t\t\t\t<div class=\"elementor-element elementor-element-6a81645 elementor-hidden-desktop elementor-hidden-tablet elementor-hidden-mobile elementor-widget elementor-widget-machic-text-block\" data-id=\"6a81645\" data-element_type=\"widget\" data-widget_type=\"machic-text-block.default\">\n\t\t\t\t<div class=\"elementor-widget-container\">\n\t\t\t\t\t<div class=\"site-module text-check\"><h3 class=\"entry-title\">Class aptent taciti sociosqu<\/h3><div class=\"entry-description\"><p>Quisque luctus leo sit amet ante finibus lobortis.  Class aptent taciti sociosqu.<\/p><\/div><!-- entry-description --><\/div><!-- site-module -->\t\t\t\t<\/div>\n\t\t\t\t<\/div>\n\t\t\t\t\t<\/div>\n\t\t<\/div>\n\t\t\t\t\t<\/div>\n\t\t<\/section>\n\t\t\t\t<\/div>","protected":false},"excerpt":{"rendered":"<p>About Us \u2013 iDevices.co.uk At iDevices.co.uk, we&#039;re passionate about technology. Our goal is to make it simpler, more accessible, and better protected for everyone. 1. High-quality accessories for phones, laptops, and PCs 2. Genuine licenses for Windows and other essential software 3. Affordable insurance subscriptions for screen protectors and cases 4. Reliable technical support for<\/p>\n<div class=\"klb-readmore entry-button\"><a class=\"btn read-more\" href=\"https:\/\/idevices.co.uk\/ro\/about-us\/\">Read More<\/a><\/div>","protected":false},"author":1,"featured_media":0,"parent":0,"menu_order":0,"comment_status":"closed","ping_status":"closed","template":"","meta":{"footnotes":""},"class_list":["post-1899","page","type-page","status-publish","hentry"],"_links":{"self":[{"href":"https:\/\/idevices.co.uk\/ro\/wp-json\/wp\/v2\/pages\/1899","targetHints":{"allow":["GET"]}}],"collection":[{"href":"https:\/\/idevices.co.uk\/ro\/wp-json\/wp\/v2\/pages"}],"about":[{"href":"https:\/\/idevices.co.uk\/ro\/wp-json\/wp\/v2\/types\/page"}],"author":[{"embeddable":true,"href":"https:\/\/idevices.co.uk\/ro\/wp-json\/wp\/v2\/users\/1"}],"replies":[{"embeddable":true,"href":"https:\/\/idevices.co.uk\/ro\/wp-json\/wp\/v2\/comments?post=1899"}],"version-history":[{"count":4,"href":"https:\/\/idevices.co.uk\/ro\/wp-json\/wp\/v2\/pages\/1899\/revisions"}],"predecessor-version":[{"id":3513,"href":"https:\/\/idevices.co.uk\/ro\/wp-json\/wp\/v2\/pages\/1899\/revisions\/3513"}],"wp:attachment":[{"href":"https:\/\/idevices.co.uk\/ro\/wp-json\/wp\/v2\/media?parent=1899"}],"curies":[{"name":"wp","href":"https:\/\/api.w.org\/{rel}","templated":true}]}}