{"id":2517,"date":"2021-10-14T06:03:17","date_gmt":"2021-10-14T06:03:17","guid":{"rendered":"https:\/\/klbtheme.com\/machic\/?page_id=2517"},"modified":"2025-07-30T02:04:41","modified_gmt":"2025-07-29T23:04:41","slug":"terms-and-conditions","status":"publish","type":"page","link":"https:\/\/idevices.co.uk\/ro\/terms-and-conditions\/","title":{"rendered":"Termeni \u0219i condi\u021bii"},"content":{"rendered":"<div data-elementor-type=\"wp-page\" data-elementor-id=\"2517\" class=\"elementor elementor-2517\">\n\t\t\t\t\t\t<section class=\"elementor-section elementor-top-section elementor-element elementor-element-02ecca5 elementor-section-boxed elementor-section-height-default elementor-section-height-default\" data-id=\"02ecca5\" data-element_type=\"section\">\n\t\t\t\t\t\t<div class=\"elementor-container elementor-column-gap-default\">\n\t\t\t\t\t<div class=\"elementor-column elementor-col-100 elementor-top-column elementor-element elementor-element-1635236\" data-id=\"1635236\" data-element_type=\"column\">\n\t\t\t<div class=\"elementor-widget-wrap elementor-element-populated\">\n\t\t\t\t\t\t<div class=\"elementor-element elementor-element-fac13dd elementor-widget elementor-widget-heading\" data-id=\"fac13dd\" data-element_type=\"widget\" data-widget_type=\"heading.default\">\n\t\t\t\t\t<h3 class=\"elementor-heading-title elementor-size-default\"><div style=\"font-weight: 400;border-width: medium medium 1pt;border-style: none none solid;padding: 0cm 0cm 4pt\"><p style=\"margin: 0cm 0cm 15pt;border: medium;padding: 0cm;font-size: 26pt;font-family: Calibri, sans-serif;letter-spacing: 0.25pt\"><span lang=\"EN-US\">Termeni \u0219i Condi\u021bii \u2013 www.idevices.co.uk<\/span><span style=\"font-family: var(--theme-heading-font);font-size: 1.75rem;font-weight: 600;letter-spacing: var(--theme-heading-letter-spacing)\"><\/span><\/p><\/div><\/h3>\t\t\t\t<\/div>\n\t\t\t\t\t<\/div>\n\t\t<\/div>\n\t\t\t\t\t<\/div>\n\t\t<\/section>\n\t\t\t\t<section class=\"elementor-section elementor-top-section elementor-element elementor-element-f41a5fd elementor-hidden-desktop elementor-hidden-tablet elementor-hidden-mobile elementor-section-boxed elementor-section-height-default elementor-section-height-default\" data-id=\"f41a5fd\" data-element_type=\"section\">\n\t\t\t\t\t\t<div class=\"elementor-container elementor-column-gap-default\">\n\t\t\t\t\t<div class=\"elementor-column elementor-col-100 elementor-top-column elementor-element elementor-element-d4b5618\" data-id=\"d4b5618\" data-element_type=\"column\">\n\t\t\t<div class=\"elementor-widget-wrap elementor-element-populated\">\n\t\t\t\t\t\t<div class=\"elementor-element elementor-element-7759d6a elementor-widget elementor-widget-heading\" data-id=\"7759d6a\" data-element_type=\"widget\" data-widget_type=\"heading.default\">\n\t\t\t\t\t<p class=\"elementor-heading-title elementor-size-default\"><p style=\"margin: 0cm 0cm 10pt;line-height: 16.866667px;font-size: 11pt;font-family: Cambria, serif;letter-spacing: normal\"><span lang=\"EN-US\">Ultima actualizare: 29 iulie 2025<\/span><\/p><h2 style=\"margin: 10pt 0cm 0cm;line-height: 19.933334px;font-size: 13pt;font-family: Calibri, sans-serif;letter-spacing: normal\"><span lang=\"EN-US\">1. Informa\u021bii generale<\/span><\/h2><p style=\"margin: 0cm 0cm 10pt;line-height: 16.866667px;font-size: 11pt;font-family: Cambria, serif;letter-spacing: normal\"><span lang=\"EN-US\">Website-ul este operat de iDevices.co.uk \u2013 un magazin online specializat \u00een v\u00e2nzarea de accesorii IT, licen\u021be software \u0219i servicii tehnice digitale.<\/span><span style=\"font-size: 14px;font-family: var(--theme-body-font);letter-spacing: var(--theme-body-letter-spacing)\"><\/span><\/p><\/p>\t\t\t\t<\/div>\n\t\t\t\t\t<\/div>\n\t\t<\/div>\n\t\t\t\t\t<\/div>\n\t\t<\/section>\n\t\t\t\t<section class=\"elementor-section elementor-top-section elementor-element elementor-element-42b6e09 elementor-hidden-desktop elementor-hidden-tablet elementor-hidden-mobile elementor-section-boxed elementor-section-height-default elementor-section-height-default\" data-id=\"42b6e09\" data-element_type=\"section\">\n\t\t\t\t\t\t<div class=\"elementor-container elementor-column-gap-default\">\n\t\t\t\t\t<div class=\"elementor-column elementor-col-100 elementor-top-column elementor-element elementor-element-4942e4e\" data-id=\"4942e4e\" data-element_type=\"column\">\n\t\t\t<div class=\"elementor-widget-wrap elementor-element-populated\">\n\t\t\t\t\t\t<div class=\"elementor-element elementor-element-58e3d0a elementor-widget elementor-widget-heading\" data-id=\"58e3d0a\" data-element_type=\"widget\" data-widget_type=\"heading.default\">\n\t\t\t\t\t<h3 class=\"elementor-heading-title elementor-size-default\">Where does it come from?\n<\/h3>\t\t\t\t<\/div>\n\t\t\t\t\t<\/div>\n\t\t<\/div>\n\t\t\t\t\t<\/div>\n\t\t<\/section>\n\t\t\t\t<section class=\"elementor-section elementor-top-section elementor-element elementor-element-ebf3efb elementor-section-boxed elementor-section-height-default elementor-section-height-default\" data-id=\"ebf3efb\" data-element_type=\"section\">\n\t\t\t\t\t\t<div class=\"elementor-container elementor-column-gap-default\">\n\t\t\t\t\t<div class=\"elementor-column elementor-col-100 elementor-top-column elementor-element elementor-element-dbab00b\" data-id=\"dbab00b\" data-element_type=\"column\">\n\t\t\t<div class=\"elementor-widget-wrap elementor-element-populated\">\n\t\t\t\t\t\t<div class=\"elementor-element elementor-element-ef1d99b elementor-widget elementor-widget-text-editor\" data-id=\"ef1d99b\" data-element_type=\"widget\" data-widget_type=\"text-editor.default\">\n\t\t\t\t\t\t\t\t\t<p style=\"font-weight: 400;\">Ultima actualizare: 29 iulie 2025<\/p><h2>1. Informa\u021bii generale<\/h2><p style=\"font-weight: 400;\">Website-ul este operat de iDevices.co.uk \u2013 un magazin online specializat \u00een v\u00e2nzarea de accesorii IT, licen\u021be software \u0219i servicii tehnice digitale.<br \/><br \/><\/p><h2>2. Produse \u0219i servicii oferite<\/h2><p style=\"font-weight: 400;\">Comercializ\u0103m:<br \/>- accesorii pentru telefoane, laptopuri \u0219i PC-uri,<br \/>- licen\u021be digitale (Windows, Office etc.),<br \/>- abonamente de tip insurance (pentru sticl\u0103 de protec\u021bie, huse),<br \/>- servicii de mentenan\u021b\u0103 IT \u0219i activare\/configurare TV Android.<\/p><p>Ne rezerv\u0103m dreptul de a modifica sau \u00eentrerupe oric\u00e2nd produsele sau serviciile disponibile, f\u0103r\u0103 notificare prealabil\u0103.<\/p><h2>3. Plat\u0103 \u0219i facturare<\/h2><p style=\"font-weight: 400;\">Toate pre\u021burile sunt afi\u0219ate \u00een GBP (\u00a3). Accept\u0103m pl\u0103\u021bi securizate prin Stripe \u0219i PayPal. Comenzile sunt procesate dup\u0103 confirmarea pl\u0103\u021bii. Facturile pot fi trimise electronic.<\/p><h2>4. Politica de retur \u0219i ramburs<\/h2><p style=\"font-weight: 400;\">- Produsele fizice pot fi returnate \u00een 14 zile, doar dac\u0103 sunt sigilate \u0219i nefolosite.<br \/>- Licen\u021bele software NU sunt rambursabile dup\u0103 livrare, indiferent de motiv.<br \/>- Abonamentele de insurance pot fi anulate doar \u00een prima zi de activare.<br \/>- Serviciile de mentenan\u021b\u0103 NU pot fi rambursate odat\u0103 ce au fost prestate.<br \/><br \/>Pentru detalii, consulta\u021bi pagina \u201ePolitica de returnare \u0219i rambursare\u201d.<\/p><h2>5. Limitarea r\u0103spunderii<\/h2><p style=\"font-weight: 400;\">iDevices.co.uk nu este responsabil pentru:<br \/>- erori tehnice ap\u0103rute pe site,<br \/>- utilizarea incorect\u0103 a produselor,<br \/>- pierderi cauzate de \u00eent\u00e2rzieri, indisponibilitate temporar\u0103 sau lipsa de acurate\u021be a informa\u021biilor.<\/p><h2>6. Modific\u0103ri ale termenilor<\/h2><p style=\"font-weight: 400;\">Ne rezerv\u0103m dreptul de a modifica ace\u0219ti termeni \u00een orice moment. Modific\u0103rile vor fi publicate pe aceast\u0103 pagin\u0103. Continuarea utiliz\u0103rii site-ului \u00eenseamn\u0103 acceptarea termenilor actualiza\u021bi.<\/p>\t\t\t\t\t\t\t\t<\/div>\n\t\t\t\t\t<\/div>\n\t\t<\/div>\n\t\t\t\t\t<\/div>\n\t\t<\/section>\n\t\t\t\t<section class=\"elementor-section elementor-top-section elementor-element elementor-element-4f190a4 elementor-hidden-desktop elementor-hidden-tablet elementor-hidden-mobile elementor-section-boxed elementor-section-height-default elementor-section-height-default\" data-id=\"4f190a4\" data-element_type=\"section\">\n\t\t\t\t\t\t<div class=\"elementor-container elementor-column-gap-default\">\n\t\t\t\t\t<div class=\"elementor-column elementor-col-100 elementor-top-column elementor-element elementor-element-5a4cdb2\" data-id=\"5a4cdb2\" data-element_type=\"column\">\n\t\t\t<div class=\"elementor-widget-wrap elementor-element-populated\">\n\t\t\t\t\t\t<div class=\"elementor-element elementor-element-c05e27a elementor-widget elementor-widget-heading\" data-id=\"c05e27a\" data-element_type=\"widget\" data-widget_type=\"heading.default\">\n\t\t\t\t\t<h3 class=\"elementor-heading-title elementor-size-default\">Why do we use it?\n<\/h3>\t\t\t\t<\/div>\n\t\t\t\t\t<\/div>\n\t\t<\/div>\n\t\t\t\t\t<\/div>\n\t\t<\/section>\n\t\t\t\t<section class=\"elementor-section elementor-top-section elementor-element elementor-element-de8df7d elementor-hidden-desktop elementor-hidden-tablet elementor-hidden-mobile elementor-section-boxed elementor-section-height-default elementor-section-height-default\" data-id=\"de8df7d\" data-element_type=\"section\">\n\t\t\t\t\t\t<div class=\"elementor-container elementor-column-gap-default\">\n\t\t\t\t\t<div class=\"elementor-column elementor-col-100 elementor-top-column elementor-element elementor-element-11c4067\" data-id=\"11c4067\" data-element_type=\"column\">\n\t\t\t<div class=\"elementor-widget-wrap elementor-element-populated\">\n\t\t\t\t\t\t<div class=\"elementor-element elementor-element-81c0b89 elementor-widget elementor-widget-text-editor\" data-id=\"81c0b89\" data-element_type=\"widget\" data-widget_type=\"text-editor.default\">\n\t\t\t\t\t\t\t\t\t<p>Contrary to popular belief, Lorem Ipsum is not simply random text. It has roots in a piece of classical Latin literature from 45 BC, making it over 2000 years old. Richard McClintock, a Latin professor at Hampden-Sydney College in Virginia, looked up one of the more obscure Latin words<\/p><p>All the Lorem Ipsum generators on the Internet tend to repeat predefined chunks as necessary, making this the first true generator on the Internet. It uses a dictionary of over 200 Latin words, combined with a handful of model sentence structures, to generate Lorem Ipsum which looks reasonable. The generated Lorem Ipsum is therefore always free from repetition, injected humour, or non-characteristic words etc.<\/p><ul><li>Lorem ipsum dolor sit amet, consectetur adipiscing elit, sed do eiusmod tempor incididunt ut labore et dolore magna aliqua. Ut enim ad minim veniam, quis nostrud exercitation ullamco laboris nisi ut aliquip ex ea commodo consequat.<\/li><li>Duis aute irure dolor in reprehenderit in voluptate velit esse cillum dolore eu fugiat nulla pariatur. Excepteur sint occaecat cupidatat non proident, sunt in culpa qui officia deserunt mollit anim id est laborum.<\/li><li>No one rejects, dislikes, or avoids pleasure itself, because it is pleasure, but because those who do not know how to pursue pleasure rationally encounter consequences that are extremely painful.<\/li><\/ul>\t\t\t\t\t\t\t\t<\/div>\n\t\t\t\t\t<\/div>\n\t\t<\/div>\n\t\t\t\t\t<\/div>\n\t\t<\/section>\n\t\t\t\t<\/div>","protected":false},"excerpt":{"rendered":"<p>Terms &amp; Conditions \u2013 www.idevices.co.uk Last updated: 29 July 2025 1. General Information This website is operated by iDevices.co.uk \u2013 an online store specialized in selling tech accessories, software licenses, and digital technical services. Where does it come from? Last updated: 29 July 2025 1. General Information This website is operated by iDevices.co.uk \u2013 an<\/p>\n<div class=\"klb-readmore entry-button\"><a class=\"btn read-more\" href=\"https:\/\/idevices.co.uk\/ro\/terms-and-conditions\/\">Read More<\/a><\/div>","protected":false},"author":1,"featured_media":0,"parent":0,"menu_order":0,"comment_status":"closed","ping_status":"closed","template":"","meta":{"footnotes":""},"class_list":["post-2517","page","type-page","status-publish","hentry"],"_links":{"self":[{"href":"https:\/\/idevices.co.uk\/ro\/wp-json\/wp\/v2\/pages\/2517","targetHints":{"allow":["GET"]}}],"collection":[{"href":"https:\/\/idevices.co.uk\/ro\/wp-json\/wp\/v2\/pages"}],"about":[{"href":"https:\/\/idevices.co.uk\/ro\/wp-json\/wp\/v2\/types\/page"}],"author":[{"embeddable":true,"href":"https:\/\/idevices.co.uk\/ro\/wp-json\/wp\/v2\/users\/1"}],"replies":[{"embeddable":true,"href":"https:\/\/idevices.co.uk\/ro\/wp-json\/wp\/v2\/comments?post=2517"}],"version-history":[{"count":3,"href":"https:\/\/idevices.co.uk\/ro\/wp-json\/wp\/v2\/pages\/2517\/revisions"}],"predecessor-version":[{"id":3516,"href":"https:\/\/idevices.co.uk\/ro\/wp-json\/wp\/v2\/pages\/2517\/revisions\/3516"}],"wp:attachment":[{"href":"https:\/\/idevices.co.uk\/ro\/wp-json\/wp\/v2\/media?parent=2517"}],"curies":[{"name":"wp","href":"https:\/\/api.w.org\/{rel}","templated":true}]}}